{"id":16,"date":"2018-07-21T09:49:05","date_gmt":"2018-07-21T09:49:05","guid":{"rendered":"http:\/\/richterandersen.dk\/?page_id=16"},"modified":"2018-07-21T09:49:05","modified_gmt":"2018-07-21T09:49:05","slug":"hjem","status":"publish","type":"page","link":"http:\/\/richterandersen.dk\/","title":{"rendered":"Hjem"},"content":{"rendered":"<p>Velkommen til dit websted! Dette er din forside, som de fleste bes\u00f8gende vil se, n\u00e5r de kommer til dit websted for f\u00f8rste gang.<\/p>\n","protected":false},"excerpt":{"rendered":"<p>Velkommen til dit websted! Dette er din forside, som de fleste bes\u00f8gende vil se, n\u00e5r de kommer til dit websted for f\u00f8rste gang.<\/p>\n","protected":false},"author":1,"featured_media":0,"parent":0,"menu_order":0,"comment_status":"closed","ping_status":"closed","template":"","meta":{"footnotes":""},"class_list":["post-16","page","type-page","status-publish","hentry"],"_links":{"self":[{"href":"http:\/\/richterandersen.dk\/index.php?rest_route=\/wp\/v2\/pages\/16","targetHints":{"allow":["GET"]}}],"collection":[{"href":"http:\/\/richterandersen.dk\/index.php?rest_route=\/wp\/v2\/pages"}],"about":[{"href":"http:\/\/richterandersen.dk\/index.php?rest_route=\/wp\/v2\/types\/page"}],"author":[{"embeddable":true,"href":"http:\/\/richterandersen.dk\/index.php?rest_route=\/wp\/v2\/users\/1"}],"replies":[{"embeddable":true,"href":"http:\/\/richterandersen.dk\/index.php?rest_route=%2Fwp%2Fv2%2Fcomments&post=16"}],"version-history":[{"count":1,"href":"http:\/\/richterandersen.dk\/index.php?rest_route=\/wp\/v2\/pages\/16\/revisions"}],"predecessor-version":[{"id":22,"href":"http:\/\/richterandersen.dk\/index.php?rest_route=\/wp\/v2\/pages\/16\/revisions\/22"}],"wp:attachment":[{"href":"http:\/\/richterandersen.dk\/index.php?rest_route=%2Fwp%2Fv2%2Fmedia&parent=16"}],"curies":[{"name":"wp","href":"https:\/\/api.w.org\/{rel}","templated":true}]}}